{"id":138,"date":"2020-01-28T13:53:11","date_gmt":"2020-01-28T15:53:11","guid":{"rendered":"http:\/\/institutoautobahn.com.br\/?page_id=138"},"modified":"2020-01-28T13:53:11","modified_gmt":"2020-01-28T15:53:11","slug":"projetos","status":"publish","type":"page","link":"https:\/\/institutoautobahn.com.br\/index.php\/projetos\/","title":{"rendered":"Projetos"},"content":{"rendered":"\n<p>O Instituto Autobahn desenvolve e participa de v\u00e1rios projetos culturais ligados \u00e0 cultura germ\u00e2nica em Juiz de Fora. <\/p>\n","protected":false},"excerpt":{"rendered":"<p>O Instituto Autobahn desenvolve e participa de v\u00e1rios projetos culturais ligados \u00e0 cultura germ\u00e2nica em Juiz de Fora.<\/p>\n","protected":false},"author":1,"featured_media":0,"parent":0,"menu_order":0,"comment_status":"closed","ping_status":"closed","template":"","meta":{"_eb_attr":"","footnotes":""},"_links":{"self":[{"href":"https:\/\/institutoautobahn.com.br\/index.php\/wp-json\/wp\/v2\/pages\/138"}],"collection":[{"href":"https:\/\/institutoautobahn.com.br\/index.php\/wp-json\/wp\/v2\/pages"}],"about":[{"href":"https:\/\/institutoautobahn.com.br\/index.php\/wp-json\/wp\/v2\/types\/page"}],"author":[{"embeddable":true,"href":"https:\/\/institutoautobahn.com.br\/index.php\/wp-json\/wp\/v2\/users\/1"}],"replies":[{"embeddable":true,"href":"https:\/\/institutoautobahn.com.br\/index.php\/wp-json\/wp\/v2\/comments?post=138"}],"version-history":[{"count":1,"href":"https:\/\/institutoautobahn.com.br\/index.php\/wp-json\/wp\/v2\/pages\/138\/revisions"}],"predecessor-version":[{"id":139,"href":"https:\/\/institutoautobahn.com.br\/index.php\/wp-json\/wp\/v2\/pages\/138\/revisions\/139"}],"wp:attachment":[{"href":"https:\/\/institutoautobahn.com.br\/index.php\/wp-json\/wp\/v2\/media?parent=138"}],"curies":[{"name":"wp","href":"https:\/\/api.w.org\/{rel}","templated":true}]}}