{"id":14,"date":"2020-01-21T14:50:35","date_gmt":"2020-01-21T16:50:35","guid":{"rendered":"http:\/\/institutoautobahn.com.br\/?page_id=14"},"modified":"2025-12-17T19:43:17","modified_gmt":"2025-12-17T22:43:17","slug":"pagina-inicial","status":"publish","type":"page","link":"https:\/\/institutoautobahn.com.br\/index.php\/pagina-inicial\/","title":{"rendered":"Cursos"},"content":{"rendered":"\n<p class=\"has-text-align-left\">Desde 2014 oferecemos aulas de alem\u00e3o com os professores <a href=\"https:\/\/institutoautobahn.com.br\/index.php\/professores\/\" data-type=\"link\" data-id=\"https:\/\/institutoautobahn.com.br\/index.php\/professores\/\">Christine, Jeremy e Alex <\/a>via Skype para iniciantes A, intermedi\u00e1rios B e avan\u00e7ados C. <strong>Nossas aulas s\u00e3o telepresenciais e os cursos com presen\u00e7a e did\u00e1tica dos professores atrav\u00e9s de plataformas na internet. N\u00e3o s\u00e3o aulas gravadas<\/strong>! De acordo com a disponibilidade, as aulas podem ser individuais, em dupla e em grupos de tr\u00eas ou quatro alunos.<br><strong>JANEIRO de 2026 Matr\u00edcula GR\u00c1TIS! <\/strong><br><a href=\"https:\/\/api.whatsapp.com\/send?phone=+5532988655253&amp;text=Ol%C3%A1\">Mais informa\u00e7\u00f5es pelo WhatsApp<\/a><\/p>\n\n\n\n<p><strong>2026 CURSOS &amp; PRE\u00c7OS<\/strong><br>Matr\u00edcula R$ 280<br><strong>Aula INDIVIDUAL<\/strong><br>N\u00edvel A &#8211; 1x semana R$ 355\/m\u00eas<br>N\u00edvel B &#8211; 1x semana R$ 380\/m\u00eas<br>N\u00edvel C &#8211; 1x semana R$ 415\/m\u00eas<br><strong>Aula em DUPLA<\/strong><br>N\u00edvel A &#8211; 1x semana R$ 250\/m\u00eas<br>N\u00edvel B &#8211; 1x semana R$ 275\/m\u00eas<br>N\u00edvel C &#8211; 1x semana R$ 305\/m\u00eas<br><strong>Aula em TRIO<\/strong><br>N\u00edvel A &#8211; 1x semana R$ 220\/m\u00eas<br>N\u00edvel B &#8211; 1x semana R$ 255\/m\u00eas<br>N\u00edvel C &#8211; 1x semana R$ 280\/m\u00eas<br><strong>Aula em QUARTETO<\/strong><br>N\u00edvel A &#8211; 1x semana R$ 200\/m\u00eas<br>N\u00edvel B &#8211; 1x semana R$ 230\/m\u00eas<br>N\u00edvel C &#8211; 1x semana R$ 260\/m\u00eas<\/p>\n\n\n\n<figure class=\"wp-block-image size-large\"><a href=\"https:\/\/api.whatsapp.com\/send?phone=+5532988655253&amp;text=Oi, estava no site do Autobahn e queria saber mais informa\u00e7\u00f5es sobre os cursos de alem\u00e3o.\"><img loading=\"lazy\" decoding=\"async\" width=\"48\" height=\"48\" src=\"http:\/\/institutoautobahn.com.br\/wp-content\/uploads\/2020\/01\/whatsapp.jpeg\" alt=\"\" class=\"wp-image-61\"\/><\/a><figcaption class=\"wp-element-caption\"><em>Marque um hor\u00e1rio para nos conhecer no Whatsapp v\u00eddeo +55 (32) 98865-5253<\/em><\/figcaption><\/figure>\n\n\n\n<p><\/p>\n\n\n\n<p class=\"has-white-color has-white-background-color has-text-color has-background\"><\/p>\n","protected":false},"excerpt":{"rendered":"<p>Desde 2014 oferecemos aulas de alem\u00e3o com os professores Christine, Jeremy e Alex via Skype para iniciantes A, intermedi\u00e1rios B e avan\u00e7ados C. Nossas aulas s\u00e3o telepresenciais e os cursos com presen\u00e7a e did\u00e1tica dos professores atrav\u00e9s de plataformas na internet. N\u00e3o s\u00e3o aulas gravadas! De acordo com a disponibilidade, as aulas podem ser individuais, &hellip; <\/p>\n<p class=\"link-more\"><a href=\"https:\/\/institutoautobahn.com.br\/index.php\/pagina-inicial\/\" class=\"more-link\">Continue lendo<span class=\"screen-reader-text\"> &#8220;Cursos&#8221;<\/span><\/a><\/p>\n","protected":false},"author":1,"featured_media":0,"parent":0,"menu_order":0,"comment_status":"closed","ping_status":"closed","template":"","meta":{"_eb_attr":"","footnotes":""},"_links":{"self":[{"href":"https:\/\/institutoautobahn.com.br\/index.php\/wp-json\/wp\/v2\/pages\/14"}],"collection":[{"href":"https:\/\/institutoautobahn.com.br\/index.php\/wp-json\/wp\/v2\/pages"}],"about":[{"href":"https:\/\/institutoautobahn.com.br\/index.php\/wp-json\/wp\/v2\/types\/page"}],"author":[{"embeddable":true,"href":"https:\/\/institutoautobahn.com.br\/index.php\/wp-json\/wp\/v2\/users\/1"}],"replies":[{"embeddable":true,"href":"https:\/\/institutoautobahn.com.br\/index.php\/wp-json\/wp\/v2\/comments?post=14"}],"version-history":[{"count":58,"href":"https:\/\/institutoautobahn.com.br\/index.php\/wp-json\/wp\/v2\/pages\/14\/revisions"}],"predecessor-version":[{"id":851,"href":"https:\/\/institutoautobahn.com.br\/index.php\/wp-json\/wp\/v2\/pages\/14\/revisions\/851"}],"wp:attachment":[{"href":"https:\/\/institutoautobahn.com.br\/index.php\/wp-json\/wp\/v2\/media?parent=14"}],"curies":[{"name":"wp","href":"https:\/\/api.w.org\/{rel}","templated":true}]}}