{"id":15,"date":"2020-01-21T14:50:35","date_gmt":"2020-01-21T16:50:35","guid":{"rendered":"http:\/\/institutoautobahn.com.br\/?page_id=15"},"modified":"2024-11-06T15:13:15","modified_gmt":"2024-11-06T18:13:15","slug":"metodo","status":"publish","type":"page","link":"https:\/\/institutoautobahn.com.br\/index.php\/metodo\/","title":{"rendered":"M\u00e9todo"},"content":{"rendered":"\n<p>O Instituto Autobahn segue os m\u00e9todos propostos pelo Instituto Goethe da Alemanha e a estrutura de curso proposto para todos os idiomas da Comunidade Europeia. Preparamos voc\u00ea para os diversos diplomas de alem\u00e3o, para conseguir certificados, para viajar para os pa\u00edses falantes de alem\u00e3o e divers\u00e3o para os apaixonados pela l\u00edngua alem\u00e3. Os m\u00e9todos que utilizamos s\u00e3o baseados em situa\u00e7\u00f5es reais do dia a dia com o objetivo de desenvolver a capacidade de comunica\u00e7\u00e3o, treinar a fala, agu\u00e7ar a audi\u00e7\u00e3o, melhorar a leitura e a escrita no idioma alem\u00e3o. Tudo de forma divertida com <a href=\"https:\/\/institutoautobahn.com.br\/index.php\/professores\/\" data-type=\"page\" data-id=\"468\">professores<\/a> apaixonados pelo que fazem. <a href=\"https:\/\/api.whatsapp.com\/send?phone=+5532988655253&amp;text=Oi, estava no site do Autobahn e queria saber mais informa\u00e7\u00f5es sobre os cursos de alem\u00e3o.\" target=\"_blank\" rel=\"noreferrer noopener\">Marque um hor\u00e1rio pelo WhatsApp<\/a> para voc\u00ea conhecer nosso m\u00e9todo.<\/p>\n\n\n\n<figure class=\"wp-block-image size-large\"><img loading=\"lazy\" decoding=\"async\" width=\"320\" height=\"120\" src=\"http:\/\/institutoautobahn.com.br\/wp-content\/uploads\/2020\/01\/320px-Goethe-Institut_Logo.svg_.png\" alt=\"\" class=\"wp-image-69\" srcset=\"https:\/\/institutoautobahn.com.br\/wp-content\/uploads\/2020\/01\/320px-Goethe-Institut_Logo.svg_.png 320w, https:\/\/institutoautobahn.com.br\/wp-content\/uploads\/2020\/01\/320px-Goethe-Institut_Logo.svg_-300x113.png 300w\" sizes=\"(max-width: 320px) 100vw, 320px\" \/><\/figure>\n","protected":false},"excerpt":{"rendered":"<p>O Instituto Autobahn segue os m\u00e9todos propostos pelo Instituto Goethe da Alemanha e a estrutura de curso proposto para todos os idiomas da Comunidade Europeia. Preparamos voc\u00ea para os diversos diplomas de alem\u00e3o, para conseguir certificados, para viajar para os pa\u00edses falantes de alem\u00e3o e divers\u00e3o para os apaixonados pela l\u00edngua alem\u00e3. Os m\u00e9todos que &hellip; <\/p>\n<p class=\"link-more\"><a href=\"https:\/\/institutoautobahn.com.br\/index.php\/metodo\/\" class=\"more-link\">Continue lendo<span class=\"screen-reader-text\"> &#8220;M\u00e9todo&#8221;<\/span><\/a><\/p>\n","protected":false},"author":1,"featured_media":0,"parent":0,"menu_order":0,"comment_status":"closed","ping_status":"closed","template":"","meta":{"_eb_attr":"","footnotes":""},"_links":{"self":[{"href":"https:\/\/institutoautobahn.com.br\/index.php\/wp-json\/wp\/v2\/pages\/15"}],"collection":[{"href":"https:\/\/institutoautobahn.com.br\/index.php\/wp-json\/wp\/v2\/pages"}],"about":[{"href":"https:\/\/institutoautobahn.com.br\/index.php\/wp-json\/wp\/v2\/types\/page"}],"author":[{"embeddable":true,"href":"https:\/\/institutoautobahn.com.br\/index.php\/wp-json\/wp\/v2\/users\/1"}],"replies":[{"embeddable":true,"href":"https:\/\/institutoautobahn.com.br\/index.php\/wp-json\/wp\/v2\/comments?post=15"}],"version-history":[{"count":8,"href":"https:\/\/institutoautobahn.com.br\/index.php\/wp-json\/wp\/v2\/pages\/15\/revisions"}],"predecessor-version":[{"id":552,"href":"https:\/\/institutoautobahn.com.br\/index.php\/wp-json\/wp\/v2\/pages\/15\/revisions\/552"}],"wp:attachment":[{"href":"https:\/\/institutoautobahn.com.br\/index.php\/wp-json\/wp\/v2\/media?parent=15"}],"curies":[{"name":"wp","href":"https:\/\/api.w.org\/{rel}","templated":true}]}}