{"id":468,"date":"2023-04-19T19:10:19","date_gmt":"2023-04-19T22:10:19","guid":{"rendered":"https:\/\/institutoautobahn.com.br\/?page_id=468"},"modified":"2024-11-06T15:29:33","modified_gmt":"2024-11-06T18:29:33","slug":"professores","status":"publish","type":"page","link":"https:\/\/institutoautobahn.com.br\/index.php\/professores\/","title":{"rendered":"Professores"},"content":{"rendered":"\n<figure class=\"wp-block-image is-resized\"><img loading=\"lazy\" decoding=\"async\" width=\"661\" height=\"663\" src=\"https:\/\/institutoautobahn.com.br\/wp-content\/uploads\/2023\/04\/Chris.png\" alt=\"\" class=\"wp-image-469\" style=\"width:338px;height:auto\" srcset=\"https:\/\/institutoautobahn.com.br\/wp-content\/uploads\/2023\/04\/Chris.png 661w, https:\/\/institutoautobahn.com.br\/wp-content\/uploads\/2023\/04\/Chris-300x300.png 300w, https:\/\/institutoautobahn.com.br\/wp-content\/uploads\/2023\/04\/Chris-150x150.png 150w, https:\/\/institutoautobahn.com.br\/wp-content\/uploads\/2023\/04\/Chris-100x100.png 100w\" sizes=\"(max-width: 661px) 100vw, 661px\" \/><\/figure>\n\n\n\n<p>A professora Christine M\u00fcller Hill Maestrini \u00e9 natural de Munique, completou o mestrado em matem\u00e1tica na Universidade TU-Berlin. No Brasil desde 1999, foi a idealizadora e&nbsp; fundadora em 2014 do Instituto Autobahn &#8211; Cultura Alem\u00e3 de Juiz de Fora. Ela \u00e9 hoje a respons\u00e1vel educacional do Instituto Autobahn e tamb\u00e9m leciona para os alunos e alunas dos n\u00edveis avan\u00e7ados de alem\u00e3o. Al\u00e9m das aulas de alem\u00e3o, com muita criatividade, criou v\u00e1rios projetos relacionados \u00e0 cultura alem\u00e3. Entre eles est\u00e3o o <a href=\"https:\/\/institutoautobahn.com.br\/index.php\/cinemaalemaogratuito\/\" data-type=\"page\" data-id=\"84\">Cinema Autobahn<\/a>, o projeto <a href=\"https:\/\/institutoautobahn.com.br\/index.php\/aprenda-alemao-na-rua\/\" data-type=\"page\" data-id=\"143\">Aprenda Alem\u00e3o na Rua<\/a> e a Roda de Conversa Stammtisch em Juiz de Fora.<\/p>\n\n\n\n<figure class=\"wp-block-image is-resized\"><img loading=\"lazy\" decoding=\"async\" width=\"662\" height=\"664\" src=\"https:\/\/institutoautobahn.com.br\/wp-content\/uploads\/2023\/04\/JJ-1.png\" alt=\"\" class=\"wp-image-472\" style=\"width:339px;height:auto\" srcset=\"https:\/\/institutoautobahn.com.br\/wp-content\/uploads\/2023\/04\/JJ-1.png 662w, https:\/\/institutoautobahn.com.br\/wp-content\/uploads\/2023\/04\/JJ-1-300x300.png 300w, https:\/\/institutoautobahn.com.br\/wp-content\/uploads\/2023\/04\/JJ-1-150x150.png 150w, https:\/\/institutoautobahn.com.br\/wp-content\/uploads\/2023\/04\/JJ-1-100x100.png 100w\" sizes=\"(max-width: 662px) 100vw, 662px\" \/><\/figure>\n\n\n\n<p>O Professor <a href=\"https:\/\/www.instagram.com\/_jeremy_john_\/\">Jeremy F\u00e9lix Maximilian John<\/a> \u00e9 alem\u00e3o nascido em Berlim e criado no Brasil. Teve uma educa\u00e7\u00e3o dupla, em portugu\u00eas na escola e em alem\u00e3o em casa com a m\u00e3e Christine M\u00fcller Hill Maestrini. Al\u00e9m de entusiasta skatista e cervejeiro, se tornou professor de alem\u00e3o ap\u00f3s completar seus estudos como engenheiro na Universidade Est\u00e1cio. Desde 2015 trabalha no Instituto Autobahn com os alunos intermedi\u00e1rios. \u00c9 um apaixonado pelo que faz e adora ensinar as pessoas a se comunicarem na sua l\u00edngua materna, o alem\u00e3o e convida sempre para conhecerem de perto sua cultura Alem\u00e3.<\/p>\n\n\n\n<figure class=\"wp-block-image size-full is-resized\"><img loading=\"lazy\" decoding=\"async\" width=\"661\" height=\"664\" src=\"https:\/\/institutoautobahn.com.br\/wp-content\/uploads\/2023\/04\/Alex.png\" alt=\"\" class=\"wp-image-470\" style=\"width:344px;height:auto\" srcset=\"https:\/\/institutoautobahn.com.br\/wp-content\/uploads\/2023\/04\/Alex.png 661w, https:\/\/institutoautobahn.com.br\/wp-content\/uploads\/2023\/04\/Alex-300x300.png 300w, https:\/\/institutoautobahn.com.br\/wp-content\/uploads\/2023\/04\/Alex-150x150.png 150w, https:\/\/institutoautobahn.com.br\/wp-content\/uploads\/2023\/04\/Alex-100x100.png 100w\" sizes=\"(max-width: 661px) 100vw, 661px\" \/><\/figure>\n\n\n\n<p>O professor de alem\u00e3o <a href=\"https:\/\/institutoautobahn.com.br\/wp-content\/uploads\/2023\/10\/2023_CV_AHM_PT_final_assinado.pdf\">Alexandre M\u00fcller Hill Maestrini<\/a> \u00e9 mineiro de Juiz de Fora, estudou Educa\u00e7\u00e3o F\u00edsica na UERJ e como jogador de Volleyball profissional morou 20 anos na Su\u00ed\u00e7a alem\u00e3. Descendente de imigrantes alem\u00e3es, casou-se com a alem\u00e3 Christine M\u00fcller Hill Maestrini e desde 2015 \u00e9 professor no Instituto Autobahn. Nas aulas de alem\u00e3o, <a href=\"http:\/\/institutoautobahn.com.br\/wp-content\/uploads\/2023\/12\/ContratoAutobahn2024alex_assinado.pdf\">Alex<\/a>, com acento no A, \u00e9 famoso pelas m\u00edmicas para ensinar alem\u00e3o aos iniciantes sem ter que falar portugu\u00eas.<\/p>\n","protected":false},"excerpt":{"rendered":"<p>A professora Christine M\u00fcller Hill Maestrini \u00e9 natural de Munique, completou o mestrado em matem\u00e1tica na Universidade TU-Berlin. No Brasil desde 1999, foi a idealizadora e&nbsp; fundadora em 2014 do Instituto Autobahn &#8211; Cultura Alem\u00e3 de Juiz de Fora. Ela \u00e9 hoje a respons\u00e1vel educacional do Instituto Autobahn e tamb\u00e9m leciona para os alunos e &hellip; <\/p>\n<p class=\"link-more\"><a href=\"https:\/\/institutoautobahn.com.br\/index.php\/professores\/\" class=\"more-link\">Continue lendo<span class=\"screen-reader-text\"> &#8220;Professores&#8221;<\/span><\/a><\/p>\n","protected":false},"author":1,"featured_media":0,"parent":0,"menu_order":0,"comment_status":"closed","ping_status":"closed","template":"","meta":{"_eb_attr":"","footnotes":""},"_links":{"self":[{"href":"https:\/\/institutoautobahn.com.br\/index.php\/wp-json\/wp\/v2\/pages\/468"}],"collection":[{"href":"https:\/\/institutoautobahn.com.br\/index.php\/wp-json\/wp\/v2\/pages"}],"about":[{"href":"https:\/\/institutoautobahn.com.br\/index.php\/wp-json\/wp\/v2\/types\/page"}],"author":[{"embeddable":true,"href":"https:\/\/institutoautobahn.com.br\/index.php\/wp-json\/wp\/v2\/users\/1"}],"replies":[{"embeddable":true,"href":"https:\/\/institutoautobahn.com.br\/index.php\/wp-json\/wp\/v2\/comments?post=468"}],"version-history":[{"count":6,"href":"https:\/\/institutoautobahn.com.br\/index.php\/wp-json\/wp\/v2\/pages\/468\/revisions"}],"predecessor-version":[{"id":561,"href":"https:\/\/institutoautobahn.com.br\/index.php\/wp-json\/wp\/v2\/pages\/468\/revisions\/561"}],"wp:attachment":[{"href":"https:\/\/institutoautobahn.com.br\/index.php\/wp-json\/wp\/v2\/media?parent=468"}],"curies":[{"name":"wp","href":"https:\/\/api.w.org\/{rel}","templated":true}]}}