{"id":489,"date":"2023-11-01T16:22:59","date_gmt":"2023-11-01T19:22:59","guid":{"rendered":"https:\/\/institutoautobahn.com.br\/?page_id=489"},"modified":"2025-11-22T14:42:11","modified_gmt":"2025-11-22T17:42:11","slug":"gegen-rassismus","status":"publish","type":"page","link":"https:\/\/institutoautobahn.com.br\/index.php\/gegen-rassismus\/","title":{"rendered":"Gegen Rassismus \/ Antirracismo"},"content":{"rendered":"\n<p><strong>Nossas Riquezas Pretas de Juiz de Fora<br><\/strong><em><strong>Biografias Afro-Juizforanas<\/strong><\/em><br><br><a href=\"http:\/\/institutoautobahn.com.br\/wp-content\/uploads\/2025\/11\/EbookNossasRiquezasPretas.pdf\">Baixe aqui o PDF do livro gratuitamente<\/a><\/p>\n\n\n\n<p>Honestidade intelectual e empatia foram alguns dos primeiros passos para dar visibilidade para aqueles que a sociedade sempre tentou tornar invis\u00edveis. Assim nasceu a s\u00e9rie Nossas Riquezas Pretas de Juiz de Fora. O&nbsp;#NossasRiquezasPretasJF \u00e9 um&nbsp;<a href=\"https:\/\/institutoautobahn.com.br\/index.php\/gegen-rassismus\/\">projeto antirracista do Instituto Autobahn<\/a>&nbsp;que tem como objetivo destacar os expoentes negros do munic\u00edpio de Juiz de Fora e legar exemplos positivos de sucesso de pessoas pretas para as futuras gera\u00e7\u00f5es. Iniciado em 2023 j\u00e1 foram publicadas 55 reportagens contando as trajet\u00f3rias de luta e sucessos e outubro de 2025 o livro.<\/p>\n\n\n\n<figure class=\"wp-block-image size-full is-resized\"><a href=\"https:\/\/nossasriquezaspretasjf.com.br\/\"><img loading=\"lazy\" decoding=\"async\" width=\"700\" height=\"400\" src=\"http:\/\/institutoautobahn.com.br\/wp-content\/uploads\/2025\/06\/capavaquinha.png\" alt=\"\" class=\"wp-image-719\" style=\"width:256px;height:auto\" srcset=\"https:\/\/institutoautobahn.com.br\/wp-content\/uploads\/2025\/06\/capavaquinha.png 700w, https:\/\/institutoautobahn.com.br\/wp-content\/uploads\/2025\/06\/capavaquinha-300x171.png 300w\" sizes=\"(max-width: 700px) 100vw, 700px\" \/><\/a><\/figure>\n\n\n\n<p><strong>Lista dos Biografados<\/strong><\/p>\n\n\n\n<p>#001 <a href=\"http:\/\/institutoautobahn.com.br\/wp-content\/uploads\/2025\/08\/001-Carina-Dantas.pdf\" target=\"_blank\" rel=\"noreferrer noopener\">Carina Dantas<\/a>, #002 <a href=\"http:\/\/institutoautobahn.com.br\/wp-content\/uploads\/2025\/08\/002-Antonio-Carlos.pdf\" target=\"_blank\" rel=\"noreferrer noopener\">Ant\u00f4nio Carlos Lemos<\/a>, #003 <a href=\"http:\/\/institutoautobahn.com.br\/wp-content\/uploads\/2025\/08\/003-Geraldeli-Rofino.pdf\" target=\"_blank\" rel=\"noreferrer noopener\">Geraldeli Rofino<\/a>, #004 <a href=\"http:\/\/institutoautobahn.com.br\/wp-content\/uploads\/2025\/08\/004-Sergio-Felix.pdf\" target=\"_blank\" rel=\"noreferrer noopener\">S\u00e9rgio F\u00e9lix<\/a>, #005 <a href=\"http:\/\/institutoautobahn.com.br\/wp-content\/uploads\/2025\/08\/005-Fernando-Elioterio.pdf\" target=\"_blank\" rel=\"noreferrer noopener\">Fernando Eliot\u00e9rio<\/a>, #006 <a href=\"http:\/\/institutoautobahn.com.br\/wp-content\/uploads\/2025\/08\/006-Mauricio-Oliveira.pdf\" target=\"_blank\" rel=\"noreferrer noopener\">Maur\u00edcio Oliveira<\/a>, #007 <a href=\"http:\/\/institutoautobahn.com.br\/wp-content\/uploads\/2025\/08\/007-Ademir-Fernandes.pdf\" target=\"_blank\" rel=\"noreferrer noopener\">Ademir Fernandes<\/a>, #008 <a href=\"http:\/\/institutoautobahn.com.br\/wp-content\/uploads\/2025\/08\/008-Gilmara-Mariosa.pdf\" target=\"_blank\" rel=\"noreferrer noopener\">Gilmara Mariosa<\/a>, #009 <a href=\"http:\/\/institutoautobahn.com.br\/wp-content\/uploads\/2025\/07\/009-Batista-Coqueiral.pdf\" target=\"_blank\" rel=\"noreferrer noopener\">Batista Coqueiral<\/a>, #010 <a href=\"http:\/\/institutoautobahn.com.br\/wp-content\/uploads\/2025\/07\/010-Catia-Rosa.pdf\" target=\"_blank\" rel=\"noreferrer noopener\">Catia Rosa<\/a>, #011 <a href=\"http:\/\/institutoautobahn.com.br\/wp-content\/uploads\/2025\/07\/011-Eliane-Moreira.pdf\" target=\"_blank\" rel=\"noreferrer noopener\">Eliane Moreira<\/a>, #012 <a href=\"http:\/\/institutoautobahn.com.br\/wp-content\/uploads\/2025\/07\/012-Antonio-Hora.pdf\" target=\"_blank\" rel=\"noreferrer noopener\">Ant\u00f4nio Hora<\/a>, #013 <a href=\"http:\/\/institutoautobahn.com.br\/wp-content\/uploads\/2025\/07\/013-Ana-Torquato.pdf\" target=\"_blank\" rel=\"noreferrer noopener\">Ana Torquato<\/a>, #014 <a href=\"http:\/\/institutoautobahn.com.br\/wp-content\/uploads\/2025\/07\/014-Alessandra-Benony.pdf\" target=\"_blank\" rel=\"noreferrer noopener\">Alessandra Benony<\/a>, #015 <a href=\"http:\/\/institutoautobahn.com.br\/wp-content\/uploads\/2025\/07\/015-Sil-Andrade.pdf\" target=\"_blank\" rel=\"noreferrer noopener\">Sil Andrade<\/a>, 016 <a href=\"http:\/\/institutoautobahn.com.br\/wp-content\/uploads\/2025\/07\/016-Joubertt-Telles.pdf\" target=\"_blank\" rel=\"noreferrer noopener\">Joubertt Telles<\/a>, #017 <a href=\"http:\/\/institutoautobahn.com.br\/wp-content\/uploads\/2025\/07\/017-Edinho-Negresco.pdf\" target=\"_blank\" rel=\"noreferrer noopener\">Edinho Negresco<\/a>, #018 <a href=\"http:\/\/institutoautobahn.com.br\/wp-content\/uploads\/2025\/07\/018-Denilson-Bento.pdf\" target=\"_blank\" rel=\"noreferrer noopener\">Denilson Bento<\/a>, #019 <a href=\"http:\/\/institutoautobahn.com.br\/wp-content\/uploads\/2025\/07\/019-Digo-Alves.pdf\" target=\"_blank\" rel=\"noreferrer noopener\">Digo Alves<\/a>, #020 <a href=\"http:\/\/institutoautobahn.com.br\/wp-content\/uploads\/2025\/07\/020-Suely-Gervasio.pdf\" target=\"_blank\" rel=\"noreferrer noopener\">Suely Gerv\u00e1sio<\/a>, #021 <a href=\"http:\/\/institutoautobahn.com.br\/wp-content\/uploads\/2025\/07\/021-Tania-Black.pdf\" target=\"_blank\" rel=\"noreferrer noopener\">T\u00e2nia Black<\/a>, #022 <a href=\"http:\/\/institutoautobahn.com.br\/wp-content\/uploads\/2025\/06\/022-Jucelio-Maria.pdf\" target=\"_blank\" rel=\"noreferrer noopener\">Jucelio Maria<\/a>, #023 <a href=\"http:\/\/institutoautobahn.com.br\/wp-content\/uploads\/2025\/06\/023-Robson-Marques.pdf\" target=\"_blank\" rel=\"noreferrer noopener\">Robson Marques<\/a>, #024 <a href=\"http:\/\/institutoautobahn.com.br\/wp-content\/uploads\/2025\/06\/024-Lucimar-Brasil.pdf\">Lucimar Brasil<\/a>, #025 <a href=\"http:\/\/institutoautobahn.com.br\/wp-content\/uploads\/2025\/06\/025-Dagna-Costa.pdf\" target=\"_blank\" rel=\"noreferrer noopener\">Dagna Costa<\/a>, #026 <a href=\"http:\/\/institutoautobahn.com.br\/wp-content\/uploads\/2025\/06\/026-Gilmara-Santos.pdf\" target=\"_blank\" rel=\"noreferrer noopener\">Gilmara Santos<\/a>, #027 <a href=\"http:\/\/institutoautobahn.com.br\/wp-content\/uploads\/2025\/06\/027-Jorge-Silva.pdf\" target=\"_blank\" rel=\"noreferrer noopener\">Jorge Silva<\/a>, #028 <a href=\"http:\/\/institutoautobahn.com.br\/wp-content\/uploads\/2025\/06\/028-Jorge-Junior.pdf\" target=\"_blank\" rel=\"noreferrer noopener\">Jorge J\u00fanior<\/a>, #029 <a href=\"http:\/\/institutoautobahn.com.br\/wp-content\/uploads\/2025\/06\/029-Sandra-Silva.pdf\" target=\"_blank\" rel=\"noreferrer noopener\">Sandra Silva<\/a>, #030 <a href=\"http:\/\/institutoautobahn.com.br\/wp-content\/uploads\/2025\/06\/030-Vanda-Ferreira.pdf\" target=\"_blank\" rel=\"noreferrer noopener\">Vanda Ferreira<\/a>, #031 <a href=\"http:\/\/institutoautobahn.com.br\/wp-content\/uploads\/2025\/06\/031-Lidianne-Pereira.pdf\" target=\"_blank\" rel=\"noreferrer noopener\">Lidianne Luz<\/a>, #032 <a href=\"http:\/\/institutoautobahn.com.br\/wp-content\/uploads\/2025\/06\/032-Gerson-Martins.pdf\" target=\"_blank\" rel=\"noreferrer noopener\">Gerson Martins<\/a>, #033 <a href=\"http:\/\/institutoautobahn.com.br\/wp-content\/uploads\/2025\/06\/033-Adenilde-Petrina.pdf\" target=\"_blank\" rel=\"noreferrer noopener\">Adenilde Petrina<\/a>, #034 <a href=\"http:\/\/institutoautobahn.com.br\/wp-content\/uploads\/2025\/06\/034-Hudson-Nascimento.pdf\">Hudson Nascimento<\/a>, #035 <a href=\"http:\/\/institutoautobahn.com.br\/wp-content\/uploads\/2025\/06\/035-Olivia-Rosa.pdf\">Olivia Rosa<\/a>, #036 <a href=\"http:\/\/institutoautobahn.com.br\/wp-content\/uploads\/2025\/06\/036-Wilker-Moroni.pdf\" target=\"_blank\" rel=\"noreferrer noopener\">Wilker Moroni<\/a>, #037 <a href=\"http:\/\/institutoautobahn.com.br\/wp-content\/uploads\/2025\/06\/037-Willian-Cruz.pdf\" target=\"_blank\" rel=\"noreferrer noopener\">Willian Cruz<\/a>, #038 <a href=\"http:\/\/institutoautobahn.com.br\/wp-content\/uploads\/2025\/06\/038-Sandra-Portella.pdf\" target=\"_blank\" rel=\"noreferrer noopener\">Sandra Portella<\/a>, #039 <a href=\"http:\/\/institutoautobahn.com.br\/wp-content\/uploads\/2025\/06\/039-Dandara-Felicia.pdf\" target=\"_blank\" rel=\"noreferrer noopener\">Dandara Fel\u00edcia<\/a>, #040 <a href=\"http:\/\/institutoautobahn.com.br\/wp-content\/uploads\/2025\/06\/040-Vitor-Lima.pdf\" target=\"_blank\" rel=\"noreferrer noopener\">Vitor Lima<\/a>, #041 <a href=\"http:\/\/institutoautobahn.com.br\/wp-content\/uploads\/2025\/06\/041-Elias-Arruda.pdf\" target=\"_blank\" rel=\"noreferrer noopener\">Elias Arruda<\/a>, #042 <a href=\"https:\/\/institutoautobahn.com.br\/wp-content\/uploads\/2025\/06\/042-Brunonarciso.pdf\" target=\"_blank\" rel=\"noreferrer noopener\">Bruno Narciso<\/a>, #043 <a href=\"http:\/\/institutoautobahn.com.br\/wp-content\/uploads\/2025\/06\/043-RegisdaVila.pdf\" target=\"_blank\" rel=\"noreferrer noopener\">R\u00e9gis da Vila<\/a>, #044 <a href=\"http:\/\/institutoautobahn.com.br\/wp-content\/uploads\/2025\/06\/044-Claudio-Quarup.pdf\" target=\"_blank\" rel=\"noreferrer noopener\">Claudio Quarup<\/a>, #045 <a href=\"http:\/\/institutoautobahn.com.br\/wp-content\/uploads\/2025\/06\/045-Wellington-Alves.pdf\" target=\"_blank\" rel=\"noreferrer noopener\">Wellington Alves<\/a>, #046 <a href=\"http:\/\/institutoautobahn.com.br\/wp-content\/uploads\/2025\/06\/046LucimarSilverio.pdf\" target=\"_blank\" rel=\"noreferrer noopener\">Lucimar Silv\u00e9rio<\/a>, #047 <a href=\"http:\/\/institutoautobahn.com.br\/wp-content\/uploads\/2025\/06\/047PaulBlack.pdf\" target=\"_blank\" rel=\"noreferrer noopener\">Paul Almeida<\/a>, #048 <a href=\"http:\/\/institutoautobahn.com.br\/wp-content\/uploads\/2025\/06\/048NegroBussola.pdf\" target=\"_blank\" rel=\"noreferrer noopener\">Negro B\u00fassola<\/a>, #049 <a href=\"http:\/\/institutoautobahn.com.br\/wp-content\/uploads\/2025\/06\/049ZeliaLima.pdf\" target=\"_blank\" rel=\"noreferrer noopener\">Z\u00e9lia Lima<\/a>, #050 <a href=\"http:\/\/institutoautobahn.com.br\/wp-content\/uploads\/2025\/06\/050PauloMagella.pdf\" target=\"_blank\" rel=\"noreferrer noopener\">PC Magella<\/a>, #051 <a href=\"http:\/\/institutoautobahn.com.br\/wp-content\/uploads\/2025\/06\/051samuel.pdf\" target=\"_blank\" rel=\"noreferrer noopener\">Dr. Samuel Lopes<\/a>, #052 <a href=\"http:\/\/institutoautobahn.com.br\/wp-content\/uploads\/2025\/06\/052cuite.pdf\" target=\"_blank\" rel=\"noreferrer noopener\">Mestre Cuit\u00e9<\/a>, #053 <a href=\"http:\/\/institutoautobahn.com.br\/wp-content\/uploads\/2025\/06\/053gustavo.pdf\" target=\"_blank\" rel=\"noreferrer noopener\">Gustavo Cyrillo<\/a>, #054 <a href=\"http:\/\/institutoautobahn.com.br\/wp-content\/uploads\/2025\/06\/054AdelinaBraz.pdf\" target=\"_blank\" rel=\"noreferrer noopener\">Maria Adelina Braz<\/a> e #055 <a href=\"http:\/\/institutoautobahn.com.br\/wp-content\/uploads\/2025\/06\/055-Sandra-Jesus.pdf\" target=\"_blank\" rel=\"noreferrer noopener\">Sandra Jesus<\/a>.<\/p>\n\n\n\n<p><a href=\"http:\/\/institutoautobahn.com.br\/wp-content\/uploads\/2025\/08\/Contextualizacao.pdf\">Contextualiza\u00e7\u00e3o<\/a> por Alexandre M\u00fcller Hill Maestrini<br><a href=\"http:\/\/institutoautobahn.com.br\/wp-content\/uploads\/2025\/08\/PrefacioJulvan.pdf\">Pref\u00e1cio<\/a> por Julvan Moreira de Oliveira<br><a href=\"http:\/\/institutoautobahn.com.br\/wp-content\/uploads\/2025\/08\/ApresentacaoRita.pdf\">Apresenta\u00e7\u00e3o<\/a> por Rita F\u00e9lix<br><a href=\"http:\/\/institutoautobahn.com.br\/wp-content\/uploads\/2025\/10\/DesconstruindoUgo.pdf\" target=\"_blank\" rel=\"noreferrer noopener\">Desconstruindo o racismo<\/a> por Ugo Soares<br><a href=\"http:\/\/institutoautobahn.com.br\/wp-content\/uploads\/2025\/08\/PosfacioJose.pdf\">Posf\u00e1cio<\/a> por Jos\u00e9 Orlando Dato<br><a href=\"http:\/\/institutoautobahn.com.br\/wp-content\/uploads\/2025\/08\/EpilogoOsvair.pdf\">Ep\u00edlogo<\/a> por Osvair Ant\u00f4nio Diniz<\/p>\n\n\n\n<figure class=\"wp-block-image size-large\"><a href=\"http:\/\/institutoautobahn.com.br\/wp-content\/uploads\/2025\/10\/EbookNossasRiquezasPretas.pdf\"><img loading=\"lazy\" decoding=\"async\" width=\"1024\" height=\"768\" src=\"https:\/\/institutoautobahn.com.br\/wp-content\/uploads\/2024\/11\/banco-1024x768.jpeg\" alt=\"\" class=\"wp-image-581\" srcset=\"https:\/\/institutoautobahn.com.br\/wp-content\/uploads\/2024\/11\/banco-1024x768.jpeg 1024w, https:\/\/institutoautobahn.com.br\/wp-content\/uploads\/2024\/11\/banco-300x225.jpeg 300w, https:\/\/institutoautobahn.com.br\/wp-content\/uploads\/2024\/11\/banco-768x576.jpeg 768w, https:\/\/institutoautobahn.com.br\/wp-content\/uploads\/2024\/11\/banco-1536x1152.jpeg 1536w, https:\/\/institutoautobahn.com.br\/wp-content\/uploads\/2024\/11\/banco.jpeg 1600w\" sizes=\"(max-width: 767px) 89vw, (max-width: 1000px) 54vw, (max-width: 1071px) 543px, 580px\" \/><\/a><\/figure>\n","protected":false},"excerpt":{"rendered":"<p>Nossas Riquezas Pretas de Juiz de ForaBiografias Afro-Juizforanas Baixe aqui o PDF do livro gratuitamente Honestidade intelectual e empatia foram alguns dos primeiros passos para dar visibilidade para aqueles que a sociedade sempre tentou tornar invis\u00edveis. Assim nasceu a s\u00e9rie Nossas Riquezas Pretas de Juiz de Fora. O&nbsp;#NossasRiquezasPretasJF \u00e9 um&nbsp;projeto antirracista do Instituto Autobahn&nbsp;que tem &hellip; <\/p>\n<p class=\"link-more\"><a href=\"https:\/\/institutoautobahn.com.br\/index.php\/gegen-rassismus\/\" class=\"more-link\">Continue lendo<span class=\"screen-reader-text\"> &#8220;Gegen Rassismus \/ Antirracismo&#8221;<\/span><\/a><\/p>\n","protected":false},"author":1,"featured_media":0,"parent":0,"menu_order":0,"comment_status":"closed","ping_status":"closed","template":"","meta":{"_eb_attr":"","footnotes":""},"_links":{"self":[{"href":"https:\/\/institutoautobahn.com.br\/index.php\/wp-json\/wp\/v2\/pages\/489"}],"collection":[{"href":"https:\/\/institutoautobahn.com.br\/index.php\/wp-json\/wp\/v2\/pages"}],"about":[{"href":"https:\/\/institutoautobahn.com.br\/index.php\/wp-json\/wp\/v2\/types\/page"}],"author":[{"embeddable":true,"href":"https:\/\/institutoautobahn.com.br\/index.php\/wp-json\/wp\/v2\/users\/1"}],"replies":[{"embeddable":true,"href":"https:\/\/institutoautobahn.com.br\/index.php\/wp-json\/wp\/v2\/comments?post=489"}],"version-history":[{"count":85,"href":"https:\/\/institutoautobahn.com.br\/index.php\/wp-json\/wp\/v2\/pages\/489\/revisions"}],"predecessor-version":[{"id":847,"href":"https:\/\/institutoautobahn.com.br\/index.php\/wp-json\/wp\/v2\/pages\/489\/revisions\/847"}],"wp:attachment":[{"href":"https:\/\/institutoautobahn.com.br\/index.php\/wp-json\/wp\/v2\/media?parent=489"}],"curies":[{"name":"wp","href":"https:\/\/api.w.org\/{rel}","templated":true}]}}